{"id":82,"date":"2024-01-24T07:00:33","date_gmt":"2024-01-24T06:00:33","guid":{"rendered":"https:\/\/elifestivalera.com\/?page_id=82"},"modified":"2025-08-04T18:13:01","modified_gmt":"2025-08-04T16:13:01","slug":"soy-eli-festivalera","status":"publish","type":"page","link":"https:\/\/elifestivalera.com\/index.php\/soy-eli-festivalera\/","title":{"rendered":"\u00a1Hola, soy Eli Festivalera!"},"content":{"rendered":"\n<p>Aunque suene a primer d\u00eda de clases, me presento. Hola mi nombre es Eli Guzmane, una apasionada de la m\u00fasica, las comunicaciones, el <em>music business<\/em>, los eventos y viajes culturales. Eli Festivalera es un espacio que he creado para compartir contenido educativo y cercano con todos aquellos que quieran introducirse al mundo de las Industrias Creativas.<\/p>\n\n\n\n<h2 class=\"wp-block-heading\">Mi historia<\/h2>\n\n\n\n<p>Nac\u00ed en Venezuela e inici\u00e9 en el mundo de la m\u00fasica desde peque\u00f1a y a partir de all\u00ed he sido desde cantante en el coro de la escuela, violinista en el sistema de Orquestas Infantiles de Venezuela, productora de eventos, <em>blogger<\/em> y un sin fin de cosas m\u00e1s.<\/p>\n\n\n\n<p>A efectos pr\u00e1cticos estudi\u00e9 ingenier\u00eda de sonido y producci\u00f3n musical, sin embargo, al iniciar mi vida laboral me di cuenta que lo que realmente me apasionaba era el mundo detr\u00e1s de la Industria Creativa, as\u00ed que desde entonces me he dedicado a aprender todo aquello relacionado con comunicaci\u00f3n, marketing, publicidad, arte y producci\u00f3n de espect\u00e1culos, para entender desde dentro c\u00f3mo funcionaba.<\/p>\n\n\n\n<figure class=\"wp-block-image\"><img decoding=\"async\" src=\"https:\/\/curiosiaudio.files.wordpress.com\/2023\/10\/guardada-copia-1.jpeg?w=771\" alt=\"\" class=\"wp-image-581\"\/><\/figure>\n\n\n\n<p><\/p>\n\n\n\n<p><\/p>\n\n\n\n<div class=\"wp-block-group has-global-padding is-layout-constrained wp-block-group-is-layout-constrained\">\n<h2 class=\"wp-block-heading\">Blogger, creador de contenidos y asesora de proyectos culturales<\/h2>\n\n\n\n<figure class=\"wp-block-image alignright is-resized\"><img decoding=\"async\" src=\"https:\/\/curiosiaudio.files.wordpress.com\/2017\/03\/cropped-screenshot_20170304-2252481.png\" alt=\"\" class=\"wp-image-79\" style=\"width:343px;height:auto\"\/><\/figure>\n\n\n\n<p>En 2017 cree mi primer blog cultural llamado \u00abQue hay pal\u2019 fin\u00bb, una agenda donde escrib\u00eda breves rese\u00f1as de los futuros eventos a realizarse los fines de semana en la ciudad de Caracas. Con \u00e9l aprend\u00ed a dise\u00f1ar p\u00e1ginas webs, leer anal\u00edticas, redes sociales y SEO, sin embargo, tras un a\u00f1o y medio de publicaciones semanales tuve que abandonarlo para dedicarme de lleno a la ingenier\u00eda de sonido y la comunicaci\u00f3n.<\/p>\n\n\n\n<p>C\u00f3mo era de esperar al graduarme segu\u00ed enfocada en las Industrias Creativas, logrando trabajar en distinguidas empresas enfocadas especialmente en el \u00e1rea de la m\u00fasica. All\u00ed ampli\u00e9 mis conocimientos sobre campa\u00f1as de medios, gesti\u00f3n de ventas, distribuci\u00f3n digital, branding, conceptualizaci\u00f3n y producci\u00f3n de eventos. Siendo esta \u00faltima mi mayor afici\u00f3n hasta el d\u00eda de hoy.<\/p>\n\n\n\n<p>Actualmente, me encuentro en Espa\u00f1a ejerciendo un poco de todo esto aprendido, unos d\u00edas soy productora de eventos, otros hago una gira de medios y al d\u00eda siguiente, estoy tranquila en mi oficina creando contenido para hacer lo mejor y m\u00e1s bonito de mi trabajo: Compartir con gente que vibra al mismo ritmo.<\/p>\n<\/div>\n\n\n\n<h2 class=\"wp-block-heading\">\u00bfQu\u00e9 encontrar\u00e1s en Eli Festivalera?<\/h2>\n\n\n\n<p>Aqu\u00ed encontrar\u00e1s contenido cultural y educativo, <em>check list<\/em>, promociones, recursos, gu\u00edas, recomendaciones y sobre todo mucha informaci\u00f3n de valor, que espero te sirva de gu\u00eda mientras sigo aprendiendo sobre las Industrias Creativas.<\/p>\n\n\n\n<figure class=\"wp-block-image size-full\"><img loading=\"lazy\" decoding=\"async\" width=\"2240\" height=\"1260\" src=\"https:\/\/elifestivalera.com\/wp-content\/uploads\/2024\/01\/Eli-Guzmane-5.png\" alt=\"\" class=\"wp-image-434\" srcset=\"https:\/\/elifestivalera.com\/wp-content\/uploads\/2024\/01\/Eli-Guzmane-5.png 2240w, https:\/\/elifestivalera.com\/wp-content\/uploads\/2024\/01\/Eli-Guzmane-5-300x169.png 300w, https:\/\/elifestivalera.com\/wp-content\/uploads\/2024\/01\/Eli-Guzmane-5-1024x576.png 1024w, https:\/\/elifestivalera.com\/wp-content\/uploads\/2024\/01\/Eli-Guzmane-5-768x432.png 768w, https:\/\/elifestivalera.com\/wp-content\/uploads\/2024\/01\/Eli-Guzmane-5-1536x864.png 1536w, https:\/\/elifestivalera.com\/wp-content\/uploads\/2024\/01\/Eli-Guzmane-5-2048x1152.png 2048w\" sizes=\"auto, (max-width: 2240px) 100vw, 2240px\" \/><\/figure>\n\n\n\n<p><\/p>\n","protected":false},"excerpt":{"rendered":"<p>Aunque suene a primer d\u00eda de clases, me presento. Hola mi nombre es Eli Guzmane, una apasionada de la m\u00fasica, las comunicaciones, el music business, los eventos y viajes culturales. Eli Festivalera es un espacio que he creado para compartir contenido educativo y cercano con todos aquellos que quieran introducirse al mundo de las Industrias [&hellip;]<\/p>\n","protected":false},"author":1,"featured_media":0,"parent":0,"menu_order":0,"comment_status":"closed","ping_status":"closed","template":"","meta":{"footnotes":""},"class_list":["post-82","page","type-page","status-publish","hentry"],"aioseo_notices":[],"_links":{"self":[{"href":"https:\/\/elifestivalera.com\/index.php\/wp-json\/wp\/v2\/pages\/82","targetHints":{"allow":["GET"]}}],"collection":[{"href":"https:\/\/elifestivalera.com\/index.php\/wp-json\/wp\/v2\/pages"}],"about":[{"href":"https:\/\/elifestivalera.com\/index.php\/wp-json\/wp\/v2\/types\/page"}],"author":[{"embeddable":true,"href":"https:\/\/elifestivalera.com\/index.php\/wp-json\/wp\/v2\/users\/1"}],"replies":[{"embeddable":true,"href":"https:\/\/elifestivalera.com\/index.php\/wp-json\/wp\/v2\/comments?post=82"}],"version-history":[{"count":11,"href":"https:\/\/elifestivalera.com\/index.php\/wp-json\/wp\/v2\/pages\/82\/revisions"}],"predecessor-version":[{"id":488,"href":"https:\/\/elifestivalera.com\/index.php\/wp-json\/wp\/v2\/pages\/82\/revisions\/488"}],"wp:attachment":[{"href":"https:\/\/elifestivalera.com\/index.php\/wp-json\/wp\/v2\/media?parent=82"}],"curies":[{"name":"wp","href":"https:\/\/api.w.org\/{rel}","templated":true}]}}