{"id":73,"date":"2024-01-24T06:45:07","date_gmt":"2024-01-24T05:45:07","guid":{"rendered":"https:\/\/elifestivalera.com\/?page_id=73"},"modified":"2025-08-04T17:19:26","modified_gmt":"2025-08-04T15:19:26","slug":"blog","status":"publish","type":"page","link":"https:\/\/elifestivalera.com\/index.php\/blog\/","title":{"rendered":"Blog"},"content":{"rendered":"\n<div class=\"wp-block-query has-global-padding is-layout-constrained wp-block-query-is-layout-constrained\">\n<div class=\"wp-block-group is-layout-flow wp-container-core-group-is-layout-e603688c wp-block-group-is-layout-flow\" style=\"margin-top:0;margin-bottom:0;padding-top:0;padding-right:0;padding-bottom:0;padding-left:0\"><ul class=\"alignfull wp-block-post-template is-layout-flow wp-container-core-post-template-is-layout-b377334a wp-block-post-template-is-layout-flow\"><li class=\"wp-block-post post-534 post type-post status-publish format-standard has-post-thumbnail hentry category-blog\">\n<figure style=\"aspect-ratio:3\/2; margin-bottom:var(--wp--preset--spacing--20);\" class=\"wp-block-post-featured-image\"><a href=\"https:\/\/elifestivalera.com\/index.php\/2026\/02\/20\/la-isla-de-peter-presenta-su-nuevo-single-mi-suerte\/\" target=\"_self\"  ><img loading=\"lazy\" decoding=\"async\" width=\"1024\" height=\"1024\" src=\"https:\/\/elifestivalera.com\/wp-content\/uploads\/2026\/02\/image-1.png\" class=\"attachment-post-thumbnail size-post-thumbnail wp-post-image\" alt=\"La isla de Peter presenta su nuevo single \u00abMi Suerte\u00bb\" style=\"width:100%;height:100%;object-fit:cover;\" srcset=\"https:\/\/elifestivalera.com\/wp-content\/uploads\/2026\/02\/image-1.png 1024w, https:\/\/elifestivalera.com\/wp-content\/uploads\/2026\/02\/image-1-300x300.png 300w, https:\/\/elifestivalera.com\/wp-content\/uploads\/2026\/02\/image-1-150x150.png 150w, https:\/\/elifestivalera.com\/wp-content\/uploads\/2026\/02\/image-1-768x768.png 768w\" sizes=\"auto, (max-width: 1024px) 100vw, 1024px\" \/><\/a><\/figure>\n\n\n<div class=\"wp-block-group is-vertical is-nowrap is-layout-flex wp-container-core-group-is-layout-9bc6ff26 wp-block-group-is-layout-flex\"><h2 style=\"margin-bottom:0;\" class=\"wp-block-post-title has-x-large-font-size\"><a href=\"https:\/\/elifestivalera.com\/index.php\/2026\/02\/20\/la-isla-de-peter-presenta-su-nuevo-single-mi-suerte\/\" target=\"_self\" >La isla de Peter presenta su nuevo single \u00abMi Suerte\u00bb<\/a><\/h2>\n\n<div class=\"wp-block-template-part\">\n<div class=\"wp-block-group has-global-padding is-layout-constrained wp-block-group-is-layout-constrained\">\n<div class=\"wp-block-group is-content-justification-left is-layout-flex wp-container-core-group-is-layout-dfe8e91f wp-block-group-is-layout-flex\">\n<p class=\"has-contrast-2-color has-text-color\">\u2014<\/p>\n\n\n\n<p class=\"has-contrast-2-color has-text-color has-small-font-size\">por<\/p>\n\n\n<div class=\"wp-block-post-author-name\"><a href=\"https:\/\/elifestivalera.com\/index.php\/author\/eliguzmane\/\" target=\"_self\" class=\"wp-block-post-author-name__link\">eliguzmane<\/a><\/div>\n\n<div class=\"taxonomy-category wp-block-post-terms\"><span class=\"wp-block-post-terms__prefix\">en <\/span><a href=\"https:\/\/elifestivalera.com\/index.php\/category\/blog\/\" rel=\"tag\">Blog<\/a><\/div><\/div>\n<\/div>\n<\/div>\n\n<div class=\"wp-block-post-excerpt has-small-font-size\"><p class=\"wp-block-post-excerpt__excerpt\">La banda de pop rock en espa\u00f1ol, La Isla de Peter presenta su nuevo single \u00abMi Suerte\u00bb, una ranchera-pop que representa sus influencias latinas, convirti\u00e9ndose en un s\u00edmbolo de nostalgia y desamor. \u00abMi Suerte\u00bb, es una canci\u00f3n que retrata la ca\u00edda de alguien que se cre\u00eda invencible pero que con la marcha del amor, todo&hellip; <\/p><\/div>\n\n\n<div style=\"height:0px\" aria-hidden=\"true\" class=\"wp-block-spacer wp-container-content-32e3a40d\"><\/div>\n<\/div>\n\n<\/li><li class=\"wp-block-post post-525 post type-post status-publish format-standard has-post-thumbnail hentry category-blog tag-nota-de-prensa\">\n<figure style=\"aspect-ratio:3\/2; margin-bottom:var(--wp--preset--spacing--20);\" class=\"wp-block-post-featured-image\"><a href=\"https:\/\/elifestivalera.com\/index.php\/2026\/02\/13\/roy-moreno-presenta-la-sombra-junto-a-ti\/\" target=\"_self\"  ><img loading=\"lazy\" decoding=\"async\" width=\"512\" height=\"640\" src=\"https:\/\/elifestivalera.com\/wp-content\/uploads\/2026\/02\/image.png\" class=\"attachment-post-thumbnail size-post-thumbnail wp-post-image\" alt=\"Roy Moreno presenta su tema \u00abLa Sombra Junto a Ti\u00bb\" style=\"width:100%;height:100%;object-fit:cover;\" srcset=\"https:\/\/elifestivalera.com\/wp-content\/uploads\/2026\/02\/image.png 512w, https:\/\/elifestivalera.com\/wp-content\/uploads\/2026\/02\/image-240x300.png 240w\" sizes=\"auto, (max-width: 512px) 100vw, 512px\" \/><\/a><\/figure>\n\n\n<div class=\"wp-block-group is-vertical is-nowrap is-layout-flex wp-container-core-group-is-layout-9bc6ff26 wp-block-group-is-layout-flex\"><h2 style=\"margin-bottom:0;\" class=\"wp-block-post-title has-x-large-font-size\"><a href=\"https:\/\/elifestivalera.com\/index.php\/2026\/02\/13\/roy-moreno-presenta-la-sombra-junto-a-ti\/\" target=\"_self\" >Roy Moreno presenta su tema \u00abLa Sombra Junto a Ti\u00bb<\/a><\/h2>\n\n<div class=\"wp-block-template-part\">\n<div class=\"wp-block-group has-global-padding is-layout-constrained wp-block-group-is-layout-constrained\">\n<div class=\"wp-block-group is-content-justification-left is-layout-flex wp-container-core-group-is-layout-dfe8e91f wp-block-group-is-layout-flex\">\n<p class=\"has-contrast-2-color has-text-color\">\u2014<\/p>\n\n\n\n<p class=\"has-contrast-2-color has-text-color has-small-font-size\">por<\/p>\n\n\n<div class=\"wp-block-post-author-name\"><a href=\"https:\/\/elifestivalera.com\/index.php\/author\/eliguzmane\/\" target=\"_self\" class=\"wp-block-post-author-name__link\">eliguzmane<\/a><\/div>\n\n<div class=\"taxonomy-category wp-block-post-terms\"><span class=\"wp-block-post-terms__prefix\">en <\/span><a href=\"https:\/\/elifestivalera.com\/index.php\/category\/blog\/\" rel=\"tag\">Blog<\/a><\/div><\/div>\n<\/div>\n<\/div>\n\n<div class=\"wp-block-post-excerpt has-small-font-size\"><p class=\"wp-block-post-excerpt__excerpt\">El m\u00fasico y productor Roy Moreno lanza \u201cLa Sombra Junto a Ti\u201d, una balada pop que profundiza en la ruptura desde un lugar de honestidad, vulnerabilidad y madurez emocional. Este nuevo sencillo se posiciona como una pieza clave dentro de la evoluci\u00f3n creativa del artista, consolidando su identidad sonora y narrativa. Cuando amar ya no&hellip; <\/p><\/div>\n\n\n<div style=\"height:0px\" aria-hidden=\"true\" class=\"wp-block-spacer wp-container-content-32e3a40d\"><\/div>\n<\/div>\n\n<\/li><li class=\"wp-block-post post-521 post type-post status-publish format-standard has-post-thumbnail hentry category-blog\">\n<figure style=\"aspect-ratio:3\/2; margin-bottom:var(--wp--preset--spacing--20);\" class=\"wp-block-post-featured-image\"><a href=\"https:\/\/elifestivalera.com\/index.php\/2026\/02\/11\/el-artista-colombiano-dani-solis-presenta-tu-piel\/\" target=\"_self\"  ><img loading=\"lazy\" decoding=\"async\" width=\"2048\" height=\"2048\" src=\"https:\/\/elifestivalera.com\/wp-content\/uploads\/2026\/02\/Tu-Piel-Dani-Solis-2048x2048-1.png\" class=\"attachment-post-thumbnail size-post-thumbnail wp-post-image\" alt=\"El artista colombiano Dani Sol\u00eds presenta \u00abTu Piel\u00bb\" style=\"width:100%;height:100%;object-fit:cover;\" srcset=\"https:\/\/elifestivalera.com\/wp-content\/uploads\/2026\/02\/Tu-Piel-Dani-Solis-2048x2048-1.png 2048w, https:\/\/elifestivalera.com\/wp-content\/uploads\/2026\/02\/Tu-Piel-Dani-Solis-2048x2048-1-300x300.png 300w, https:\/\/elifestivalera.com\/wp-content\/uploads\/2026\/02\/Tu-Piel-Dani-Solis-2048x2048-1-1024x1024.png 1024w, https:\/\/elifestivalera.com\/wp-content\/uploads\/2026\/02\/Tu-Piel-Dani-Solis-2048x2048-1-150x150.png 150w, https:\/\/elifestivalera.com\/wp-content\/uploads\/2026\/02\/Tu-Piel-Dani-Solis-2048x2048-1-768x768.png 768w, https:\/\/elifestivalera.com\/wp-content\/uploads\/2026\/02\/Tu-Piel-Dani-Solis-2048x2048-1-1536x1536.png 1536w\" sizes=\"auto, (max-width: 2048px) 100vw, 2048px\" \/><\/a><\/figure>\n\n\n<div class=\"wp-block-group is-vertical is-nowrap is-layout-flex wp-container-core-group-is-layout-9bc6ff26 wp-block-group-is-layout-flex\"><h2 style=\"margin-bottom:0;\" class=\"wp-block-post-title has-x-large-font-size\"><a href=\"https:\/\/elifestivalera.com\/index.php\/2026\/02\/11\/el-artista-colombiano-dani-solis-presenta-tu-piel\/\" target=\"_self\" >El artista colombiano Dani Sol\u00eds presenta \u00abTu Piel\u00bb<\/a><\/h2>\n\n<div class=\"wp-block-template-part\">\n<div class=\"wp-block-group has-global-padding is-layout-constrained wp-block-group-is-layout-constrained\">\n<div class=\"wp-block-group is-content-justification-left is-layout-flex wp-container-core-group-is-layout-dfe8e91f wp-block-group-is-layout-flex\">\n<p class=\"has-contrast-2-color has-text-color\">\u2014<\/p>\n\n\n\n<p class=\"has-contrast-2-color has-text-color has-small-font-size\">por<\/p>\n\n\n<div class=\"wp-block-post-author-name\"><a href=\"https:\/\/elifestivalera.com\/index.php\/author\/eliguzmane\/\" target=\"_self\" class=\"wp-block-post-author-name__link\">eliguzmane<\/a><\/div>\n\n<div class=\"taxonomy-category wp-block-post-terms\"><span class=\"wp-block-post-terms__prefix\">en <\/span><a href=\"https:\/\/elifestivalera.com\/index.php\/category\/blog\/\" rel=\"tag\">Blog<\/a><\/div><\/div>\n<\/div>\n<\/div>\n\n<div class=\"wp-block-post-excerpt has-small-font-size\"><p class=\"wp-block-post-excerpt__excerpt\">El artista colombiano Dani Sol\u00eds presenta un nuevo cap\u00edtulo en su trayectoria musical con \u00abTu Piel\u00bb, una canci\u00f3n una canci\u00f3n que\u00a0captura el instante exacto en el que el amor deja de ser una intuici\u00f3n y se convierte en certeza.\u00a0A trav\u00e9s de miradas, caricias y el roce de dos cuerpos que se reconocen,\u00a0el tema narra ese&hellip; <\/p><\/div>\n\n\n<div style=\"height:0px\" aria-hidden=\"true\" class=\"wp-block-spacer wp-container-content-32e3a40d\"><\/div>\n<\/div>\n\n<\/li><\/ul>\n\n\n<div style=\"margin-top:0;margin-bottom:0;height:var(--wp--preset--spacing--50)\" aria-hidden=\"true\" class=\"wp-block-spacer\"><\/div>\n\n\n<nav class=\"wp-block-query-pagination is-content-justification-space-between is-layout-flex wp-container-core-query-pagination-is-layout-b2891da8 wp-block-query-pagination-is-layout-flex\" aria-label=\"Paginaci\u00f3n\">\n\n\n<a href=\"\/index.php\/wp-json\/wp\/v2\/pages\/73?query-117-page=2\" class=\"wp-block-query-pagination-next\">P\u00e1gina siguiente<span class='wp-block-query-pagination-next-arrow is-arrow-arrow' aria-hidden='true'>\u2192<\/span><\/a>\n<\/nav><\/div>\n<\/div>\n","protected":false},"excerpt":{"rendered":"","protected":false},"author":1,"featured_media":0,"parent":0,"menu_order":0,"comment_status":"closed","ping_status":"closed","template":"","meta":{"footnotes":""},"class_list":["post-73","page","type-page","status-publish","hentry"],"aioseo_notices":[],"_links":{"self":[{"href":"https:\/\/elifestivalera.com\/index.php\/wp-json\/wp\/v2\/pages\/73","targetHints":{"allow":["GET"]}}],"collection":[{"href":"https:\/\/elifestivalera.com\/index.php\/wp-json\/wp\/v2\/pages"}],"about":[{"href":"https:\/\/elifestivalera.com\/index.php\/wp-json\/wp\/v2\/types\/page"}],"author":[{"embeddable":true,"href":"https:\/\/elifestivalera.com\/index.php\/wp-json\/wp\/v2\/users\/1"}],"replies":[{"embeddable":true,"href":"https:\/\/elifestivalera.com\/index.php\/wp-json\/wp\/v2\/comments?post=73"}],"version-history":[{"count":23,"href":"https:\/\/elifestivalera.com\/index.php\/wp-json\/wp\/v2\/pages\/73\/revisions"}],"predecessor-version":[{"id":469,"href":"https:\/\/elifestivalera.com\/index.php\/wp-json\/wp\/v2\/pages\/73\/revisions\/469"}],"wp:attachment":[{"href":"https:\/\/elifestivalera.com\/index.php\/wp-json\/wp\/v2\/media?parent=73"}],"curies":[{"name":"wp","href":"https:\/\/api.w.org\/{rel}","templated":true}]}}